{"id":161,"date":"2019-01-22T12:01:47","date_gmt":"2019-01-22T11:01:47","guid":{"rendered":"http:\/\/borac-mesici.com\/?page_id=161"},"modified":"2019-03-18T12:01:12","modified_gmt":"2019-03-18T11:01:12","slug":"aktivnosti","status":"publish","type":"page","link":"http:\/\/borac-mesici.com\/index.php\/mesici\/aktivnosti\/","title":{"rendered":"Aktivnosti"},"content":{"rendered":"<blockquote class=\"wp-embedded-content\" data-secret=\"rNQ1K9LJcx\"><p><a href=\"http:\/\/borac-mesici.com\/index.php\/2019\/03\/18\/akcija-uredjenja-prostora-oko-spomenika\/\">Akcija  ure\u0111enja  prostora  oko spomenika<\/a><\/p><\/blockquote>\n<p><iframe class=\"wp-embedded-content\" sandbox=\"allow-scripts\" security=\"restricted\" style=\"position: absolute; clip: rect(1px, 1px, 1px, 1px);\" src=\"http:\/\/borac-mesici.com\/index.php\/2019\/03\/18\/akcija-uredjenja-prostora-oko-spomenika\/embed\/#?secret=rNQ1K9LJcx\" data-secret=\"rNQ1K9LJcx\" width=\"584\" height=\"329\" title=\"&#132;Akcija  ure\u0111enja  prostora  oko spomenika&#147; &#8212; Bora\u010d-Mesi\u0107i\" frameborder=\"0\" marginwidth=\"0\" marginheight=\"0\" scrolling=\"no\"><\/iframe><\/p>\n","protected":false},"excerpt":{"rendered":"<p>Akcija ure\u0111enja prostora oko spomenika<\/p>\n","protected":false},"author":2,"featured_media":0,"parent":137,"menu_order":0,"comment_status":"closed","ping_status":"closed","template":"","meta":[],"_links":{"self":[{"href":"http:\/\/borac-mesici.com\/index.php\/wp-json\/wp\/v2\/pages\/161"}],"collection":[{"href":"http:\/\/borac-mesici.com\/index.php\/wp-json\/wp\/v2\/pages"}],"about":[{"href":"http:\/\/borac-mesici.com\/index.php\/wp-json\/wp\/v2\/types\/page"}],"author":[{"embeddable":true,"href":"http:\/\/borac-mesici.com\/index.php\/wp-json\/wp\/v2\/users\/2"}],"replies":[{"embeddable":true,"href":"http:\/\/borac-mesici.com\/index.php\/wp-json\/wp\/v2\/comments?post=161"}],"version-history":[{"count":2,"href":"http:\/\/borac-mesici.com\/index.php\/wp-json\/wp\/v2\/pages\/161\/revisions"}],"predecessor-version":[{"id":378,"href":"http:\/\/borac-mesici.com\/index.php\/wp-json\/wp\/v2\/pages\/161\/revisions\/378"}],"up":[{"embeddable":true,"href":"http:\/\/borac-mesici.com\/index.php\/wp-json\/wp\/v2\/pages\/137"}],"wp:attachment":[{"href":"http:\/\/borac-mesici.com\/index.php\/wp-json\/wp\/v2\/media?parent=161"}],"curies":[{"name":"wp","href":"https:\/\/api.w.org\/{rel}","templated":true}]}}